{"id":131,"date":"2012-07-08T14:54:04","date_gmt":"2012-07-08T12:54:04","guid":{"rendered":"http:\/\/www.mdv.sk\/beta\/?page_id=131"},"modified":"2020-09-26T10:10:20","modified_gmt":"2020-09-26T08:10:20","slug":"mbrau5","status":"publish","type":"page","link":"https:\/\/www.mdv.sk\/beta\/mbrau5\/","title":{"rendered":"MBRAU5"},"content":{"rendered":"<p>Modul MBRAU5 je ur\u010den\u00fd na obsluhu pohonu gar\u00e1\u017eovej br\u00e1ny. &nbsp;Bol montovan\u00fd v gar\u00e1\u017eov\u00fdch br\u00e1nach PGB-80 Slovensk\u00e9ho v\u00fdrobcu ELBAK a.s. Kremnica, nesk\u00f4r ELBA a.s. v rokoch 1999 &#8211; 2004. Je n\u00e1hradou za star\u0161\u00ed modul MBRAU4.<\/p>\n<table border=\"0\">\n<tbody>\n<tr>\n<td>\n<p><div id=\"attachment_344\" style=\"width: 281px\" class=\"wp-caption alignnone\"><a href=\"http:\/\/www.mdv.sk\/beta\/wp-content\/uploads\/2017\/03\/MBRAU4_NK.jpg\"><img loading=\"lazy\" decoding=\"async\" aria-describedby=\"caption-attachment-344\" class=\"wp-image-344\" src=\"http:\/\/www.mdv.sk\/beta\/wp-content\/uploads\/2017\/03\/MBRAU4_NK.jpg\" alt=\"\" width=\"271\" height=\"294\" srcset=\"https:\/\/www.mdv.sk\/beta\/wp-content\/uploads\/2017\/03\/MBRAU4_NK.jpg 870w, https:\/\/www.mdv.sk\/beta\/wp-content\/uploads\/2017\/03\/MBRAU4_NK-138x150.jpg 138w, https:\/\/www.mdv.sk\/beta\/wp-content\/uploads\/2017\/03\/MBRAU4_NK-276x300.jpg 276w\" sizes=\"auto, (max-width: 271px) 100vw, 271px\" \/><\/a><p id=\"caption-attachment-344\" class=\"wp-caption-text\">MBRAU4 NK&nbsp;&#8211; sn\u00edma\u010d ot\u00e1\u010dok<\/p><\/div><\/td>\n<td>\n<p><div id=\"attachment_206\" style=\"width: 289px\" class=\"wp-caption alignnone\"><a href=\"http:\/\/www.mdv.sk\/beta\/wp-content\/uploads\/2013\/03\/MBRAU4.jpg\"><img loading=\"lazy\" decoding=\"async\" aria-describedby=\"caption-attachment-206\" class=\"size-medium wp-image-206 \" title=\"MBRAU4\" src=\"http:\/\/www.mdv.sk\/beta\/wp-content\/uploads\/2013\/03\/MBRAU4-279x300.jpg\" alt=\"elektronika MBRAU4\" width=\"279\" height=\"300\" srcset=\"https:\/\/www.mdv.sk\/beta\/wp-content\/uploads\/2013\/03\/MBRAU4-279x300.jpg 279w, https:\/\/www.mdv.sk\/beta\/wp-content\/uploads\/2013\/03\/MBRAU4-952x1024.jpg 952w, https:\/\/www.mdv.sk\/beta\/wp-content\/uploads\/2013\/03\/MBRAU4-139x150.jpg 139w, https:\/\/www.mdv.sk\/beta\/wp-content\/uploads\/2013\/03\/MBRAU4.jpg 985w\" sizes=\"auto, (max-width: 279px) 100vw, 279px\" \/><\/a><p id=\"caption-attachment-206\" class=\"wp-caption-text\">MBRAU4 &nbsp;&#8211; koncov\u00e9 sp\u00edna\u010de<\/p><\/div><\/td>\n<\/tr>\n<\/tbody>\n<\/table>\n<p>Roz\u0161iruje jeho mo\u017enosti. Vyr\u00e1ba sa v dvoch verzi\u00e1ch. S koncov\u00fdmi sp\u00edna\u010dmi, alebo bez&#8230;<\/p>\n<p>&nbsp;<\/p>\n","protected":false},"excerpt":{"rendered":"<p>Modul MBRAU5 je ur\u010den\u00fd na obsluhu pohonu gar\u00e1\u017eovej br\u00e1ny. &nbsp;Bol montovan\u00fd v gar\u00e1\u017eov\u00fdch br\u00e1nach PGB-80 Slovensk\u00e9ho v\u00fdrobcu ELBAK a.s. Kremnica, nesk\u00f4r ELBA a.s. v rokoch 1999 &#8211; 2004. Je n\u00e1hradou za star\u0161\u00ed modul MBRAU4. Roz\u0161iruje jeho mo\u017enosti. Vyr\u00e1ba sa v dvoch verzi\u00e1ch. S koncov\u00fdmi sp\u00edna\u010dmi, alebo bez&#8230; &nbsp;<\/p>\n","protected":false},"author":2,"featured_media":0,"parent":0,"menu_order":0,"comment_status":"closed","ping_status":"closed","template":"","meta":{"footnotes":""},"class_list":["post-131","page","type-page","status-publish","hentry"],"_links":{"self":[{"href":"https:\/\/www.mdv.sk\/beta\/wp-json\/wp\/v2\/pages\/131","targetHints":{"allow":["GET"]}}],"collection":[{"href":"https:\/\/www.mdv.sk\/beta\/wp-json\/wp\/v2\/pages"}],"about":[{"href":"https:\/\/www.mdv.sk\/beta\/wp-json\/wp\/v2\/types\/page"}],"author":[{"embeddable":true,"href":"https:\/\/www.mdv.sk\/beta\/wp-json\/wp\/v2\/users\/2"}],"replies":[{"embeddable":true,"href":"https:\/\/www.mdv.sk\/beta\/wp-json\/wp\/v2\/comments?post=131"}],"version-history":[{"count":18,"href":"https:\/\/www.mdv.sk\/beta\/wp-json\/wp\/v2\/pages\/131\/revisions"}],"predecessor-version":[{"id":370,"href":"https:\/\/www.mdv.sk\/beta\/wp-json\/wp\/v2\/pages\/131\/revisions\/370"}],"wp:attachment":[{"href":"https:\/\/www.mdv.sk\/beta\/wp-json\/wp\/v2\/media?parent=131"}],"curies":[{"name":"wp","href":"https:\/\/api.w.org\/{rel}","templated":true}]}}